{"id":4996,"date":"2023-01-24T18:13:24","date_gmt":"2023-01-24T17:13:24","guid":{"rendered":"https:\/\/afrikapass.com\/my-account\/"},"modified":"2025-11-27T12:44:45","modified_gmt":"2025-11-27T11:44:45","slug":"mein-konto","status":"publish","type":"page","link":"https:\/\/afrikapass.com\/en\/mein-konto\/","title":{"rendered":"My Account"},"content":{"rendered":"<p>Mit &#8220;Mein Konto&#8221; wird der Bestellprozess f\u00fcr Sie einfacher und Sie k\u00f6nnen Ihren Bestellverlauf einsehen. Die Registrierung hat daher keine Auswirkung auf die Bearbeitung einer Bestellung.<\/p>\n<p>Zu Beginn des Kassenvorgangs erhalten Sie die M\u00f6glichkeit, als Gast fortzufahren. Falls Sie jedoch ein Konto anlegen und Ihre Adresse f\u00fcrs n\u00e4chste Mal speichern m\u00f6chten, k\u00f6nnen Sie ein Passwort auf der Seite Auftragsbest\u00e4tigung festlegen. Zahlungsangaben speichern wir grunds\u00e4tzlich nicht.<\/p>\n<div class=\"woocommerce\"><\/div>\n","protected":false},"excerpt":{"rendered":"","protected":false},"author":1,"featured_media":0,"parent":0,"menu_order":0,"comment_status":"closed","ping_status":"closed","template":"","meta":{"_sitemap_exclude":false,"_sitemap_priority":"","_sitemap_frequency":"","footnotes":""},"class_list":["post-4996","page","type-page","status-publish","hentry"],"_links":{"self":[{"href":"https:\/\/afrikapass.com\/en\/wp-json\/wp\/v2\/pages\/4996","targetHints":{"allow":["GET"]}}],"collection":[{"href":"https:\/\/afrikapass.com\/en\/wp-json\/wp\/v2\/pages"}],"about":[{"href":"https:\/\/afrikapass.com\/en\/wp-json\/wp\/v2\/types\/page"}],"author":[{"embeddable":true,"href":"https:\/\/afrikapass.com\/en\/wp-json\/wp\/v2\/users\/1"}],"replies":[{"embeddable":true,"href":"https:\/\/afrikapass.com\/en\/wp-json\/wp\/v2\/comments?post=4996"}],"version-history":[{"count":2,"href":"https:\/\/afrikapass.com\/en\/wp-json\/wp\/v2\/pages\/4996\/revisions"}],"predecessor-version":[{"id":12966,"href":"https:\/\/afrikapass.com\/en\/wp-json\/wp\/v2\/pages\/4996\/revisions\/12966"}],"wp:attachment":[{"href":"https:\/\/afrikapass.com\/en\/wp-json\/wp\/v2\/media?parent=4996"}],"curies":[{"name":"wp","href":"https:\/\/api.w.org\/{rel}","templated":true}]}}