{"id":6546,"date":"2020-06-13T04:49:46","date_gmt":"2020-06-13T02:49:46","guid":{"rendered":"https:\/\/afrikapass.com\/visas-for-travel-to-africa\/"},"modified":"2023-02-20T09:40:50","modified_gmt":"2023-02-20T08:40:50","slug":"visas-for-travel-to-africa","status":"publish","type":"page","link":"https:\/\/afrikapass.com\/en\/visas-for-travel-to-africa\/","title":{"rendered":"Visas for travel to Africa"},"content":{"rendered":"\t\t<div data-elementor-type=\"wp-page\" data-elementor-id=\"6546\" class=\"elementor elementor-6546 elementor-1565\" data-elementor-post-type=\"page\">\n\t\t\t\t\t\t<section class=\"elementor-section elementor-top-section elementor-element elementor-element-7e90c4cf cmt-column-break-ipad-yes cmt-col-stretched-none elementor-section-boxed elementor-section-height-default elementor-section-height-default\" data-id=\"7e90c4cf\" data-element_type=\"section\" data-e-type=\"section\">\n\t\t\t\t\t\t<div class=\"elementor-container elementor-column-gap-default\">\n\t\t\t\t\t<div class=\"elementor-column elementor-col-100 elementor-top-column elementor-element elementor-element-46e5596\" data-id=\"46e5596\" data-element_type=\"column\" data-e-type=\"column\">\n\t\t\t<div class=\"elementor-widget-wrap elementor-element-populated\">\n\t\t\t\t\t\t<div class=\"elementor-element elementor-element-140ed69 elementor-widget elementor-widget-spacer\" data-id=\"140ed69\" data-element_type=\"widget\" data-e-type=\"widget\" data-widget_type=\"spacer.default\">\n\t\t\t\t\t\t\t<div class=\"elementor-spacer\">\n\t\t\t<div class=\"elementor-spacer-inner\"><\/div>\n\t\t<\/div>\n\t\t\t\t\t\t<\/div>\n\t\t\t\t<div class=\"elementor-element elementor-element-1334e446 elementor-widget elementor-widget-text-editor\" data-id=\"1334e446\" data-element_type=\"widget\" data-e-type=\"widget\" data-widget_type=\"text-editor.default\">\n\t\t\t\t\t\t\t\t\t<h2>Visas for travel to Africa<\/h2>\n<span class=\"HwtZe\" lang=\"de\"><span class=\"jCAhz ChMk0b\"><span class=\"ryNqvb\">Visa application for an African country<\/span><\/span><\/span>. <span class=\"HwtZe\" lang=\"de\"><span class=\"jCAhz ChMk0b\"><span class=\"ryNqvb\">We offer a wide range of visas for Africa.<\/span><\/span> <span class=\"jCAhz ChMk0b\"><span class=\"ryNqvb\">Whether C\u00f4te d&#8217;Ivoire, Nigeria, Cameroon, Guinea, Gabon, Mali, Tunisia, Egypt, Algeria, Congo or South Africa, most countries in Africa are covered.<\/span><\/span><\/span>\n\nAfrica is the second largest continent on earth after Asia. Traditionally, <a href=\"https:\/\/www.laenderdaten.info\/Afrika\/index.php\" target=\"_blank\" rel=\"noopener\">Africa<\/a> has been a more rural area, but as in all parts of the world, urbanisation is increasing and people are moving from the countryside to the ever-growing cities.\n\nThe largest cities in Africa with more than 5 million inhabitants are currently sorted in descending order of size: Lagos (Nigeria), Kinshasa (Democratic Republic of Congo), Cairo (Egypt), Ibadan (Nigeria) and Casablanca (Morocco).\n<h2>Fast visa applications in Germany and worldwide.<\/h2>\n<h3>West Africa | Visa Application in Essen and Online 24\/7<\/h3>\nVisa Benin, Visa Burkina Faso, Visa Ivory Coast, Visa Gambia, Visa Ghana, Visa Guinea-Bissau, Visa Cape Verde, Visa Liberia, Visa Mali, Visa Mauritania, Visa Niger, <a href=\"https:\/\/afrikapass.com\/en\/product-categories\/visa-nigeria\/\">Visa Nigeria<\/a>, Visa Senegal, Visa Sierra Leone, Visa Togo\n<h3>East Africa | Visa Application in Essen and Online 24\/7<\/h3>\nVisa Ethiopia, Visa Burundi, Visa Djibouti, Visa Eritrea, Visa Kenya, Visa Comoros, Visa Madagascar, Visa Malawi, Visa Mauritius, Visa Mozambique, Visa Rwanda, Visa Zambia, Visa Seychelles, Visa Zimbabwe, Visa Somalia, Visa Tanzania, Visa Uganda\n<h3>Central Africa | Visa Application in Essen and Online 24\/7<\/h3>\nVisa Angola, Visa Equatorial Guinea, Visa Democratic Republic of the Congo, Visa Gabon, Visa Cameroon, Visa Republic of the Congo, Visa S\u00e3o Tom\u00e9 and Pr\u00edncipe, Visa Chad, Visa Central African Republic\n<h3>South Africa | Visa Application in Essen and Online 24\/7<\/h3>\nBotswana visa, Swaziland visa, Lesotho visa, Namibia visa, South Africa visa\n<h3>North Africa | Visa Application in Essen and Online 24\/7<\/h3>\nVisa Egypt, Visa Algeria, Visa Libya, Visa Morocco, Visa Sudan, Visa South Sudan, Visa Tunisia\n<p><\/p>\n[wpforms id=&#8221;6085&#8243; description=&#8221;true&#8221;]\n\t\t\t\t\t\t\t\t<\/div>\n\t\t\t\t\t<\/div>\n\t\t<\/div>\n\t\t\t\t\t<\/div>\n\t\t<\/section>\n\t\t\t\t<\/div>\n\t\t","protected":false},"excerpt":{"rendered":"<p>Visas for travel to Africa Visa application for an African country. We offer a wide range of visas for Africa. Whether C\u00f4te d&#8217;Ivoire, Nigeria, Cameroon, Guinea, Gabon, Mali, Tunisia, Egypt, Algeria, Congo or South Africa, most countries in Africa are covered. Africa is the second largest continent on earth after Asia. Traditionally, Africa has been &hellip; <a href=\"https:\/\/afrikapass.com\/en\/visas-for-travel-to-africa\/\" class=\"more-link\">Continue reading <span class=\"screen-reader-text\">Visas for travel to Africa<\/span><\/a><\/p>\n","protected":false},"author":1,"featured_media":6531,"parent":0,"menu_order":0,"comment_status":"closed","ping_status":"closed","template":"","meta":{"_sitemap_exclude":false,"_sitemap_priority":"","_sitemap_frequency":"","footnotes":""},"class_list":["post-6546","page","type-page","status-publish","has-post-thumbnail","hentry"],"_links":{"self":[{"href":"https:\/\/afrikapass.com\/en\/wp-json\/wp\/v2\/pages\/6546","targetHints":{"allow":["GET"]}}],"collection":[{"href":"https:\/\/afrikapass.com\/en\/wp-json\/wp\/v2\/pages"}],"about":[{"href":"https:\/\/afrikapass.com\/en\/wp-json\/wp\/v2\/types\/page"}],"author":[{"embeddable":true,"href":"https:\/\/afrikapass.com\/en\/wp-json\/wp\/v2\/users\/1"}],"replies":[{"embeddable":true,"href":"https:\/\/afrikapass.com\/en\/wp-json\/wp\/v2\/comments?post=6546"}],"version-history":[{"count":1,"href":"https:\/\/afrikapass.com\/en\/wp-json\/wp\/v2\/pages\/6546\/revisions"}],"predecessor-version":[{"id":6547,"href":"https:\/\/afrikapass.com\/en\/wp-json\/wp\/v2\/pages\/6546\/revisions\/6547"}],"wp:featuredmedia":[{"embeddable":true,"href":"https:\/\/afrikapass.com\/en\/wp-json\/wp\/v2\/media\/6531"}],"wp:attachment":[{"href":"https:\/\/afrikapass.com\/en\/wp-json\/wp\/v2\/media?parent=6546"}],"curies":[{"name":"wp","href":"https:\/\/api.w.org\/{rel}","templated":true}]}}