{"id":12171,"date":"2025-11-04T11:49:09","date_gmt":"2025-11-04T10:49:09","guid":{"rendered":"https:\/\/afrikapass.com\/visa-pour-afrique-du-nord\/"},"modified":"2025-11-11T16:15:53","modified_gmt":"2025-11-11T15:15:53","slug":"visa-pour-afrique-du-nord","status":"publish","type":"page","link":"https:\/\/afrikapass.com\/fr\/visa-pour-afrique-du-nord\/","title":{"rendered":"Visa pour Afrique du Nord"},"content":{"rendered":"\t\t<div data-elementor-type=\"wp-page\" data-elementor-id=\"12171\" class=\"elementor elementor-12171 elementor-12163\" data-elementor-post-type=\"page\">\n\t\t\t\t<div class=\"elementor-element elementor-element-9be3436 e-flex e-con-boxed e-con e-parent\" data-id=\"9be3436\" data-element_type=\"container\" data-e-type=\"container\">\n\t\t\t\t\t<div class=\"e-con-inner\">\n\t\t\t\t<div class=\"elementor-element elementor-element-8c981b8 elementor-widget elementor-widget-heading\" data-id=\"8c981b8\" data-element_type=\"widget\" data-e-type=\"widget\" data-widget_type=\"heading.default\">\n\t\t\t\t\t<h2 class=\"elementor-heading-title elementor-size-default\">Visa pour Afrique du Nord : faites votre demande d\u00e8s maintenant<\/h2>\t\t\t\t<\/div>\n\t\t\t\t<div class=\"elementor-element elementor-element-afd7960 elementor-widget elementor-widget-spacer\" data-id=\"afd7960\" data-element_type=\"widget\" data-e-type=\"widget\" data-widget_type=\"spacer.default\">\n\t\t\t\t\t\t\t<div class=\"elementor-spacer\">\n\t\t\t<div class=\"elementor-spacer-inner\"><\/div>\n\t\t<\/div>\n\t\t\t\t\t\t<\/div>\n\t\t\t\t<div class=\"elementor-element elementor-element-80d97c0 elementor-widget elementor-widget-text-editor\" data-id=\"80d97c0\" data-element_type=\"widget\" data-e-type=\"widget\" data-widget_type=\"text-editor.default\">\n\t\t\t\t\t\t\t\t\t<p>Un \u00ab <strong>Visa Afrique du Nord <\/strong>\u00bb n&rsquo;est pas un document unique et standardis\u00e9, mais le nom g\u00e9n\u00e9rique donn\u00e9 aux visas requis pour entrer dans les pays d&rsquo;Afrique du Nord. Les dispositions et proc\u00e9dures exactes varient d&rsquo;un pays \u00e0 l&rsquo;autre. En r\u00e8gle g\u00e9n\u00e9rale, le visa doit \u00eatre demand\u00e9 \u00e0 l&rsquo;avance aupr\u00e8s d&rsquo;une ambassade ou en ligne, mais il est parfois possible de l&rsquo;obtenir \u00e0 l&rsquo;arriv\u00e9e (visa \u00e0 l&rsquo;arriv\u00e9e).  <\/p><p><strong><a href=\"https:\/\/afrikapass.com\/fr\/e-visa-egypte\/\">\u00c9gypte<\/a> : un visa est g\u00e9n\u00e9ralement requis pour les s\u00e9jours touristiques.<\/strong><\/p><p><strong><a href=\"https:\/\/afrikapass.com\/fr\/e-visa-pour-le-maroc\/\">Maroc<\/a><\/strong> : pour les s\u00e9jours touristiques ou professionnels au Maroc d&rsquo;une dur\u00e9e maximale de 90 jours, les ressortissants allemands n&rsquo;ont pas besoin de visa.<\/p><p>Le passeport doit toutefois \u00eatre valable au moins trois mois apr\u00e8s la fin du s\u00e9jour et d&rsquo;autres documents, tels qu&rsquo;un billet de retour ou de continuation, doivent \u00eatre pr\u00e9sent\u00e9s \u00e0 l&rsquo;entr\u00e9e dans le pays. En cas de s\u00e9jour prolong\u00e9, il est n\u00e9cessaire de prolonger son visa en temps utile aupr\u00e8s du service local des \u00e9trangers. <\/p><p>Conditions d&rsquo;entr\u00e9e pour les s\u00e9jours touristiques et d&rsquo;affaires jusqu&rsquo;\u00e0 90 jours<br>Visa : non requis pour les s\u00e9jours jusqu&rsquo;\u00e0 90 jours.<br>Passeport : doit \u00eatre valable pour toute la dur\u00e9e du s\u00e9jour et au moins trois mois apr\u00e8s celui-ci.<br>Autres documents : vous devez \u00eatre en mesure de pr\u00e9senter une preuve de moyens financiers suffisants et de votre voyage de retour ou de continuation.<br>Carte d&rsquo;entr\u00e9e : vous devez remplir une carte d&rsquo;entr\u00e9e lors du vol ou \u00e0 votre arriv\u00e9e.<\/p>\t\t\t\t\t\t\t\t<\/div>\n\t\t\t\t\t<\/div>\n\t\t\t\t<\/div>\n\t\t\t\t<\/div>\n\t\t","protected":false},"excerpt":{"rendered":"<p>Visa pour Afrique du Nord : faites votre demande d\u00e8s maintenant Un \u00ab Visa Afrique du Nord \u00bb n&rsquo;est pas un document unique et standardis\u00e9, mais le nom g\u00e9n\u00e9rique donn\u00e9 aux visas requis pour entrer dans les pays d&rsquo;Afrique du Nord. Les dispositions et proc\u00e9dures exactes varient d&rsquo;un pays \u00e0 l&rsquo;autre. En r\u00e8gle g\u00e9n\u00e9rale, le &hellip; <a href=\"https:\/\/afrikapass.com\/fr\/visa-pour-afrique-du-nord\/\" class=\"more-link\">Continue reading <span class=\"screen-reader-text\">Visa pour Afrique du Nord<\/span><\/a><\/p>\n","protected":false},"author":1,"featured_media":0,"parent":0,"menu_order":0,"comment_status":"closed","ping_status":"closed","template":"","meta":{"_sitemap_exclude":false,"_sitemap_priority":"","_sitemap_frequency":"","footnotes":""},"class_list":["post-12171","page","type-page","status-publish","hentry"],"_links":{"self":[{"href":"https:\/\/afrikapass.com\/fr\/wp-json\/wp\/v2\/pages\/12171","targetHints":{"allow":["GET"]}}],"collection":[{"href":"https:\/\/afrikapass.com\/fr\/wp-json\/wp\/v2\/pages"}],"about":[{"href":"https:\/\/afrikapass.com\/fr\/wp-json\/wp\/v2\/types\/page"}],"author":[{"embeddable":true,"href":"https:\/\/afrikapass.com\/fr\/wp-json\/wp\/v2\/users\/1"}],"replies":[{"embeddable":true,"href":"https:\/\/afrikapass.com\/fr\/wp-json\/wp\/v2\/comments?post=12171"}],"version-history":[{"count":2,"href":"https:\/\/afrikapass.com\/fr\/wp-json\/wp\/v2\/pages\/12171\/revisions"}],"predecessor-version":[{"id":12285,"href":"https:\/\/afrikapass.com\/fr\/wp-json\/wp\/v2\/pages\/12171\/revisions\/12285"}],"wp:attachment":[{"href":"https:\/\/afrikapass.com\/fr\/wp-json\/wp\/v2\/media?parent=12171"}],"curies":[{"name":"wp","href":"https:\/\/api.w.org\/{rel}","templated":true}]}}