{"id":6548,"date":"2020-06-13T04:49:46","date_gmt":"2020-06-13T02:49:46","guid":{"rendered":"https:\/\/afrikapass.com\/visas-pour-les-voyages-en-afrique\/"},"modified":"2023-02-20T09:52:57","modified_gmt":"2023-02-20T08:52:57","slug":"visas-pour-les-voyages-en-afrique","status":"publish","type":"page","link":"https:\/\/afrikapass.com\/fr\/visas-pour-les-voyages-en-afrique\/","title":{"rendered":"Visas pour les voyages en Afrique"},"content":{"rendered":"\t\t<div data-elementor-type=\"wp-page\" data-elementor-id=\"6548\" class=\"elementor elementor-6548 elementor-1565\" data-elementor-post-type=\"page\">\n\t\t\t\t\t\t<section class=\"elementor-section elementor-top-section elementor-element elementor-element-7e90c4cf cmt-column-break-ipad-yes cmt-col-stretched-none elementor-section-boxed elementor-section-height-default elementor-section-height-default\" data-id=\"7e90c4cf\" data-element_type=\"section\" data-e-type=\"section\">\n\t\t\t\t\t\t<div class=\"elementor-container elementor-column-gap-default\">\n\t\t\t\t\t<div class=\"elementor-column elementor-col-100 elementor-top-column elementor-element elementor-element-46e5596\" data-id=\"46e5596\" data-element_type=\"column\" data-e-type=\"column\">\n\t\t\t<div class=\"elementor-widget-wrap elementor-element-populated\">\n\t\t\t\t\t\t<div class=\"elementor-element elementor-element-140ed69 elementor-widget elementor-widget-spacer\" data-id=\"140ed69\" data-element_type=\"widget\" data-e-type=\"widget\" data-widget_type=\"spacer.default\">\n\t\t\t\t\t\t\t<div class=\"elementor-spacer\">\n\t\t\t<div class=\"elementor-spacer-inner\"><\/div>\n\t\t<\/div>\n\t\t\t\t\t\t<\/div>\n\t\t\t\t<div class=\"elementor-element elementor-element-1334e446 elementor-widget elementor-widget-text-editor\" data-id=\"1334e446\" data-element_type=\"widget\" data-e-type=\"widget\" data-widget_type=\"text-editor.default\">\n\t\t\t\t\t\t\t\t\t<h2>Visas pour les voyages en Afrique<\/h2>\n<span class=\"HwtZe\" lang=\"de\"><span class=\"jCAhz ChMk0b\"><span class=\"ryNqvb\">Demande de visa pour un pays africain<\/span><\/span><\/span>. <span class=\"HwtZe\" lang=\"de\"><span class=\"jCAhz ChMk0b\"><span class=\"ryNqvb\">Nous proposons un large choix de visas pour l&rsquo;Afrique.<\/span><\/span> <span class=\"jCAhz ChMk0b\"><span class=\"ryNqvb\">Que ce soit la C\u00f4te d&rsquo;Ivoire, le Nigeria, le Cameroun, la Guin\u00e9e, le Gabon, le Mali, la Tunisie, l&rsquo;\u00c9gypte, l&rsquo;Alg\u00e9rie, le Congo ou l&rsquo;Afrique du Sud, la plupart des pays africains sont couverts.<\/span><\/span><\/span>\n\nL&rsquo;Afrique est le deuxi\u00e8me plus grand continent de la plan\u00e8te apr\u00e8s l&rsquo;Asie. Traditionnellement, l&rsquo;<a href=\"https:\/\/www.laenderdaten.info\/Afrika\/index.php\" target=\"_blank\" rel=\"noopener\">Afrique<\/a> est une r\u00e9gion plut\u00f4t rurale et peupl\u00e9e, mais comme dans toutes les r\u00e9gions du monde, l&rsquo;urbanisation augmente et la population quitte les campagnes pour s&rsquo;installer dans des villes de plus en plus grandes.\n\nLes plus grandes villes d&rsquo;Afrique de plus de 5 millions d&rsquo;habitants sont actuellement class\u00e9es par ordre d\u00e9croissant de taille : Lagos (Nigeria), Kinshasa (R\u00e9publique d\u00e9mocratique du Congo), Le Caire (\u00c9gypte), Ibadan (Nigeria) et Casablanca (Maroc).\n<h2>Demandes de visas rapides en Allemagne et dans le monde entier.<\/h2>\n<h3>Afrique de l&rsquo;Ouest | Demande de visa \u00e0 Essen et en ligne 24\/7<\/h3>\nVisa B\u00e9nin, Visa Burkina Faso, Visa C\u00f4te d&rsquo;Ivoire, Visa Gambie, Visa Ghana, Visa Guin\u00e9e-Bissau, Visa Cap-Vert, Visa Liberia, Visa Mali, Visa Mauritanie, Visa Niger, <a href=\"https:\/\/afrikapass.com\/fr\/catgories-produits\/visa-nigeria-fr\/\">Visa Nigeria<\/a>, Visa S\u00e9n\u00e9gal, Visa Sierra Leone, Visa Togo\n<h3>Afrique de l&rsquo;Est | Demande de visa \u00e0 Essen et en ligne 24\/7<\/h3>\nVisa \u00c9thiopie Visa Burundi, Visa Djibouti, Visa \u00c9rythr\u00e9e, Visa Kenya, Visa Comores, Visa Madagascar, Visa Malawi, Visa Maurice, Visa Mozambique, Visa Rwanda, Visa Zambie, Visa Seychelles, Visa Zimbabwe, Visa Somalie, Visa Tanzanie, Visa Ouganda\n<h3>Afrique centrale | Demande de visa \u00e0 Essen et en ligne 24\/7<\/h3>\nVisa Angola, Visa Guin\u00e9e \u00e9quatoriale, Visa R\u00e9publique d\u00e9mocratique du Congo, Visa Gabon, Visa Cameroun, Visa R\u00e9publique du Congo, Visa S\u00e3o Tom\u00e9 et Pr\u00edncipe, Visa Tchad, Visa R\u00e9publique centrafricaine\n<h3>Afrique du Sud | Demande de visa \u00e0 Essen et en ligne 24\/7<\/h3>\nVisa Botswana, Visa Swaziland, Visa Lesotho, Visa Namibie, Visa Afrique du Sud\n<h3>Afrique du Nord | Demande de visa \u00e0 Essen et en ligne 24\/7<\/h3>\nVisa \u00c9gypte, Visa Alg\u00e9rie, Visa Libye, Visa Maroc, Visa Soudan, Visa Sud Soudan, Visa Tunisie\n<p><\/p>\n[wpforms id=\u00a0\u00bb6085&Prime; description=\u00a0\u00bbtrue\u00a0\u00bb]\n\t\t\t\t\t\t\t\t<\/div>\n\t\t\t\t\t<\/div>\n\t\t<\/div>\n\t\t\t\t\t<\/div>\n\t\t<\/section>\n\t\t\t\t<\/div>\n\t\t","protected":false},"excerpt":{"rendered":"<p>Visas pour les voyages en Afrique Demande de visa pour un pays africain. Nous proposons un large choix de visas pour l&rsquo;Afrique. Que ce soit la C\u00f4te d&rsquo;Ivoire, le Nigeria, le Cameroun, la Guin\u00e9e, le Gabon, le Mali, la Tunisie, l&rsquo;\u00c9gypte, l&rsquo;Alg\u00e9rie, le Congo ou l&rsquo;Afrique du Sud, la plupart des pays africains sont couverts. &hellip; <a href=\"https:\/\/afrikapass.com\/fr\/visas-pour-les-voyages-en-afrique\/\" class=\"more-link\">Continue reading <span class=\"screen-reader-text\">Visas pour les voyages en Afrique<\/span><\/a><\/p>\n","protected":false},"author":1,"featured_media":6532,"parent":0,"menu_order":0,"comment_status":"closed","ping_status":"closed","template":"","meta":{"_sitemap_exclude":false,"_sitemap_priority":"","_sitemap_frequency":"","footnotes":""},"class_list":["post-6548","page","type-page","status-publish","has-post-thumbnail","hentry"],"_links":{"self":[{"href":"https:\/\/afrikapass.com\/fr\/wp-json\/wp\/v2\/pages\/6548","targetHints":{"allow":["GET"]}}],"collection":[{"href":"https:\/\/afrikapass.com\/fr\/wp-json\/wp\/v2\/pages"}],"about":[{"href":"https:\/\/afrikapass.com\/fr\/wp-json\/wp\/v2\/types\/page"}],"author":[{"embeddable":true,"href":"https:\/\/afrikapass.com\/fr\/wp-json\/wp\/v2\/users\/1"}],"replies":[{"embeddable":true,"href":"https:\/\/afrikapass.com\/fr\/wp-json\/wp\/v2\/comments?post=6548"}],"version-history":[{"count":1,"href":"https:\/\/afrikapass.com\/fr\/wp-json\/wp\/v2\/pages\/6548\/revisions"}],"predecessor-version":[{"id":6549,"href":"https:\/\/afrikapass.com\/fr\/wp-json\/wp\/v2\/pages\/6548\/revisions\/6549"}],"wp:featuredmedia":[{"embeddable":true,"href":"https:\/\/afrikapass.com\/fr\/wp-json\/wp\/v2\/media\/6532"}],"wp:attachment":[{"href":"https:\/\/afrikapass.com\/fr\/wp-json\/wp\/v2\/media?parent=6548"}],"curies":[{"name":"wp","href":"https:\/\/api.w.org\/{rel}","templated":true}]}}