{"id":6581,"date":"2020-06-13T04:47:07","date_gmt":"2020-06-13T02:47:07","guid":{"rendered":"https:\/\/afrikapass.com\/reservation-de-vol-en-ligne\/"},"modified":"2025-11-27T12:26:28","modified_gmt":"2025-11-27T11:26:28","slug":"flugreservierung-online","status":"publish","type":"page","link":"https:\/\/afrikapass.com\/fr\/flugreservierung-online\/","title":{"rendered":"R\u00e9servation de vol en ligne"},"content":{"rendered":"\t\t<div data-elementor-type=\"wp-page\" data-elementor-id=\"6581\" class=\"elementor elementor-6581 elementor-1561\" data-elementor-post-type=\"page\">\n\t\t\t\t\t\t<section class=\"elementor-section elementor-top-section elementor-element elementor-element-04df6f6 cmt-column-break-ipad-no cmt-col-stretched-none elementor-section-boxed elementor-section-height-default elementor-section-height-default\" data-id=\"04df6f6\" data-element_type=\"section\" data-e-type=\"section\">\n\t\t\t\t\t\t<div class=\"elementor-container elementor-column-gap-default\">\n\t\t\t\t\t<div class=\"elementor-column elementor-col-100 elementor-top-column elementor-element elementor-element-c344dd6\" data-id=\"c344dd6\" data-element_type=\"column\" data-e-type=\"column\">\n\t\t\t<div class=\"elementor-widget-wrap elementor-element-populated\">\n\t\t\t\t\t\t<div class=\"elementor-element elementor-element-7064153 elementor-widget elementor-widget-text-editor\" data-id=\"7064153\" data-element_type=\"widget\" data-e-type=\"widget\" data-widget_type=\"text-editor.default\">\n\t\t\t\t\t\t\t\t\t<h2>R\u00e9servation de vol en ligne en quelques minutes<\/h2><p><br><img fetchpriority=\"high\" decoding=\"async\" src=\"https:\/\/afrikapass.com\/media\/Afrikapass-Flugreservierung-Flugticket-fuer-Visum-Visa.jpg\" alt=\"Afrikapass R\u00e9servation de vol Billet d&#039;avion pour visa Commander en ligne en quelques minutes 24\/7\" width=\"1020\" height=\"520\" data-id=\"3169\" title=\"\"><\/p><p>R\u00e9servation de vol en ligne Valable dans le monde entier et s\u00e9curis\u00e9. Afrikapass r\u00e9serve votre vol pour votre demande de visa en quelques minutes, quelle que soit votre destination. Vous n&rsquo;achetez pas le billet d&rsquo;avion alors que votre billet est officiellement r\u00e9serv\u00e9. Si vous le souhaitez, vous pouvez tout de m\u00eame confirmer l&rsquo;achat du billet apr\u00e8s avoir re\u00e7u votre visa.<\/p><h2>Commandez votre r\u00e9servation avant de soumettre votre demande de visa<\/h2><p>[wpforms id=\u00a0\u00bb6085&Prime; description=\u00a0\u00bbtrue\u00a0\u00bb]<\/p>\t\t\t\t\t\t\t\t<\/div>\n\t\t\t\t\t<\/div>\n\t\t<\/div>\n\t\t\t\t\t<\/div>\n\t\t<\/section>\n\t\t\t\t<\/div>\n\t\t","protected":false},"excerpt":{"rendered":"<p>R\u00e9servation de vol en ligne en quelques minutes R\u00e9servation de vol en ligne Valable dans le monde entier et s\u00e9curis\u00e9. Afrikapass r\u00e9serve votre vol pour votre demande de visa en quelques minutes, quelle que soit votre destination. Vous n&rsquo;achetez pas le billet d&rsquo;avion alors que votre billet est officiellement r\u00e9serv\u00e9. Si vous le souhaitez, vous &hellip; <a href=\"https:\/\/afrikapass.com\/fr\/flugreservierung-online\/\" class=\"more-link\">Continue reading <span class=\"screen-reader-text\">R\u00e9servation de vol en ligne<\/span><\/a><\/p>\n","protected":false},"author":1,"featured_media":6569,"parent":0,"menu_order":0,"comment_status":"closed","ping_status":"closed","template":"","meta":{"_sitemap_exclude":false,"_sitemap_priority":"","_sitemap_frequency":"","footnotes":""},"class_list":["post-6581","page","type-page","status-publish","has-post-thumbnail","hentry"],"_links":{"self":[{"href":"https:\/\/afrikapass.com\/fr\/wp-json\/wp\/v2\/pages\/6581","targetHints":{"allow":["GET"]}}],"collection":[{"href":"https:\/\/afrikapass.com\/fr\/wp-json\/wp\/v2\/pages"}],"about":[{"href":"https:\/\/afrikapass.com\/fr\/wp-json\/wp\/v2\/types\/page"}],"author":[{"embeddable":true,"href":"https:\/\/afrikapass.com\/fr\/wp-json\/wp\/v2\/users\/1"}],"replies":[{"embeddable":true,"href":"https:\/\/afrikapass.com\/fr\/wp-json\/wp\/v2\/comments?post=6581"}],"version-history":[{"count":2,"href":"https:\/\/afrikapass.com\/fr\/wp-json\/wp\/v2\/pages\/6581\/revisions"}],"predecessor-version":[{"id":12889,"href":"https:\/\/afrikapass.com\/fr\/wp-json\/wp\/v2\/pages\/6581\/revisions\/12889"}],"wp:featuredmedia":[{"embeddable":true,"href":"https:\/\/afrikapass.com\/fr\/wp-json\/wp\/v2\/media\/6569"}],"wp:attachment":[{"href":"https:\/\/afrikapass.com\/fr\/wp-json\/wp\/v2\/media?parent=6581"}],"curies":[{"name":"wp","href":"https:\/\/api.w.org\/{rel}","templated":true}]}}