{"id":6991,"date":"2023-02-23T09:51:12","date_gmt":"2023-02-23T08:51:12","guid":{"rendered":"https:\/\/afrikapass.com\/afrikapass-com\/"},"modified":"2023-02-23T10:03:08","modified_gmt":"2023-02-23T09:03:08","slug":"afrikapass-com","status":"publish","type":"page","link":"https:\/\/afrikapass.com\/fr\/afrikapass-com\/","title":{"rendered":"Afrikapass.com"},"content":{"rendered":"\t\t<div data-elementor-type=\"wp-page\" data-elementor-id=\"6991\" class=\"elementor elementor-6991 elementor-6990\" data-elementor-post-type=\"page\">\n\t\t\t\t\t\t<section class=\"elementor-section elementor-top-section elementor-element elementor-element-2aee7d29 cmt-column-break-ipad-no cmt-col-stretched-none elementor-section-boxed elementor-section-height-default elementor-section-height-default\" data-id=\"2aee7d29\" data-element_type=\"section\" data-e-type=\"section\">\n\t\t\t\t\t\t<div class=\"elementor-container elementor-column-gap-default\">\n\t\t\t\t\t<div class=\"elementor-column elementor-col-100 elementor-top-column elementor-element elementor-element-2371281\" data-id=\"2371281\" data-element_type=\"column\" data-e-type=\"column\">\n\t\t\t<div class=\"elementor-widget-wrap elementor-element-populated\">\n\t\t\t\t\t\t<div class=\"elementor-element elementor-element-443a18d cmt-align-left elementor-widget elementor-widget-cmt_project_element\" data-id=\"443a18d\" data-element_type=\"widget\" data-e-type=\"widget\" data-widget_type=\"cmt_project_element.default\">\n\t\t\t\t<div class=\"elementor-widget-container\">\n\t\t\t\t\t<div class=\"cymolthemes-boxes cymolthemes-boxes-portfolio cymolthemes-element-portfoliobox-styleone cymolthemes-boxes-view-default cymolthemes-boxes-col-three cymolthemes-boxes-textalign-left cymolthemes-boxes-spacing-30px\" data-cmt-show=\"3\" data-cmt-sboxloop=\"1\" data-cmt-sboxcentermode=\"0\" data-cmt-sboxcenterpadding=\"300\" data-cmt-sboxnav=\"\" data-cmt-sboxdots=\"\" data-cmt-sboxautoplayspeed=\"4500\" data-cmt-sboxmargin=\"30px\"><div class=\"cymolthemes-boxes-inner\">\n\t\t\t<div class=\"cymolthemes-box-heading-wrapper \">\n\t\t\t\t<div class=\"cmt-element-heading-content-wrapper left-align cmt-reverse-heading-yes cmt-seperator-solid  cmt-heading-style-vertical \"><div class=\"cmt-content-header\"><h2 class=\"cmt-element-content-heading cmt-custom-heading \">\n\t\t\t\tUnsere Lieblingsl\u00e4nder\n\t\t\t<\/h2>\n\t\t<div class=\"heading-seperator\"><span><\/span><\/div><\/div><\/div>\t\t\t\t\t\t\t<\/div>\n\n\t\t\t<div class=\"cymolthemes-boxes-row-wrapper row multi-columns-row\">\n\n\t\t\t<div class=\"cmt-sboxbox-col-wrapper  afrique-de-louest col-lg-4 col-sm-6 col-md-4 col-xs-12\"><article class=\"cymolthemes-box cymolthemes-box-portfolio cymolthemes-portfoliobox-styleone \">\n\t<div class=\"cymolthemes-post-item\">\n\t\t\t\t<div class=\"cymolthemes-box-content\">\t\n            <div class=\"cymolthemes-box-flag\"><span class=\"img-thumbnail flag-icon-background flag-icon-bj\"><\/span><\/div>\t\t\n            <div class=\"cymolthemes-box-content-inner\">\t\n\t\t\t\t\t<div class=\"cymolthemes-box-title\"><h4><a href=\"https:\/\/afrikapass.com\/fr\/pays\/benin-2\/\">B\u00e9nin<\/a><\/h4><\/div>\t\t\t\t\t<div class=\"cmt-short-desc\"><p>B\u00e9nin Visa en ligne<\/p>\n<\/div>\n\t\t\t<\/div>\n            <div class=\"cymolthemes-portfoliobox-readmore\">\n\t\t\t\t\t\t<a href=\"https:\/\/afrikapass.com\/fr\/pays\/benin-2\/\">Antrag einreichen<\/a>\t\t    <\/div>\t\t\t\n\t\t<\/div>\t\n\t<\/div>\n<\/article><\/div><div class=\"cmt-sboxbox-col-wrapper  afrique-de-lest col-lg-4 col-sm-6 col-md-4 col-xs-12\"><article class=\"cymolthemes-box cymolthemes-box-portfolio cymolthemes-portfoliobox-styleone \">\n\t<div class=\"cymolthemes-post-item\">\n\t\t\t\t<div class=\"cymolthemes-box-content\">\t\n            <div class=\"cymolthemes-box-flag\"><span class=\"img-thumbnail flag-icon-background flag-icon-ke\"><\/span><\/div>\t\t\n            <div class=\"cymolthemes-box-content-inner\">\t\n\t\t\t\t\t<div class=\"cymolthemes-box-title\"><h4><a href=\"https:\/\/afrikapass.com\/fr\/pays\/kenya\/\">Kenya<\/a><\/h4><\/div>\t\t\t\t\t<div class=\"cmt-short-desc\"><p>Kenya Visa en ligne<\/p>\n<\/div>\n\t\t\t<\/div>\n            <div class=\"cymolthemes-portfoliobox-readmore\">\n\t\t\t\t\t\t<a href=\"https:\/\/afrikapass.com\/fr\/pays\/kenya\/\">Antrag einreichen<\/a>\t\t    <\/div>\t\t\t\n\t\t<\/div>\t\n\t<\/div>\n<\/article><\/div><div class=\"cmt-sboxbox-col-wrapper  afrique-centrale col-lg-4 col-sm-6 col-md-4 col-xs-12\"><article class=\"cymolthemes-box cymolthemes-box-portfolio cymolthemes-portfoliobox-styleone \">\n\t<div class=\"cymolthemes-post-item\">\n\t\t\t\t<div class=\"cymolthemes-box-content\">\t\n            <div class=\"cymolthemes-box-flag\"><span class=\"img-thumbnail flag-icon-background flag-icon-gq\"><\/span><\/div>\t\t\n            <div class=\"cymolthemes-box-content-inner\">\t\n\t\t\t\t\t<div class=\"cymolthemes-box-title\"><h4><a href=\"https:\/\/afrikapass.com\/fr\/pays\/guinee-equatoriale\/\">Guin\u00e9e \u00e9quatoriale<\/a><\/h4><\/div>\t\t\t\t\t<div class=\"cmt-short-desc\"><p>Visa en ligne Guin\u00e9e \u00e9quatoriale<\/p>\n<\/div>\n\t\t\t<\/div>\n            <div class=\"cymolthemes-portfoliobox-readmore\">\n\t\t\t\t\t\t<a href=\"https:\/\/afrikapass.com\/fr\/pays\/guinee-equatoriale\/\">Antrag einreichen<\/a>\t\t    <\/div>\t\t\t\n\t\t<\/div>\t\n\t<\/div>\n<\/article><\/div>\n\t\t\t<\/div>\n\n\t\t\t<\/div><\/div>\t\t\t\t<\/div>\n\t\t\t\t<\/div>\n\t\t\t\t<div class=\"elementor-element elementor-element-1f5e3b98 elementor-widget elementor-widget-shortcode\" data-id=\"1f5e3b98\" data-element_type=\"widget\" data-e-type=\"widget\" data-widget_type=\"shortcode.default\">\n\t\t\t\t\t\t\t<div class=\"elementor-shortcode\">[rev_slider alias=\"creative-mainslide\" slidertitle=\"creative-mainslide\"][\/rev_slider]<\/div>\n\t\t\t\t\t\t<\/div>\n\t\t\t\t\t<\/div>\n\t\t<\/div>\n\t\t\t\t\t<\/div>\n\t\t<\/section>\n\t\t\t\t<\/div>\n\t\t","protected":false},"excerpt":{"rendered":"<p>Unsere Lieblingsl\u00e4nder Mali Visum Mali &#8211; Reisepass Mali &#8211; Flugticket &#8211; Hotel &#8211; Autovermietung &#8211; Begleitung. KOSTENFREIE BERATUNG Weiterlesen Tunesien Visum Tunesien &#8211; Reisepass Tunesien &#8211; Flugticket &#8211; Hotel &#8211; Autovermietung &#8211; Begleitung. KOSTENFREIE BERATUNG Weiterlesen S\u00fcdsudan Visum S\u00fcdsudan &#8211; Reisepass S\u00fcdsudan &#8211; Flugticket &#8211; Hotel &#8211; Autovermietung &#8211; Begleitung. KOSTENFREIE BERATUNG Weiterlesen [rev_slider alias=\u00a0\u00bbcreative-mainslide\u00a0\u00bb &hellip; <a href=\"https:\/\/afrikapass.com\/fr\/pays\/guinee-equatoriale\/\" class=\"more-link\">Continue reading <span class=\"screen-reader-text\">Guin\u00e9e \u00e9quatoriale<\/span><\/a><\/p>\n","protected":false},"author":1,"featured_media":0,"parent":0,"menu_order":0,"comment_status":"closed","ping_status":"closed","template":"","meta":{"_sitemap_exclude":false,"_sitemap_priority":"","_sitemap_frequency":"","footnotes":""},"class_list":["post-6991","page","type-page","status-publish","hentry"],"_links":{"self":[{"href":"https:\/\/afrikapass.com\/fr\/wp-json\/wp\/v2\/pages\/6991","targetHints":{"allow":["GET"]}}],"collection":[{"href":"https:\/\/afrikapass.com\/fr\/wp-json\/wp\/v2\/pages"}],"about":[{"href":"https:\/\/afrikapass.com\/fr\/wp-json\/wp\/v2\/types\/page"}],"author":[{"embeddable":true,"href":"https:\/\/afrikapass.com\/fr\/wp-json\/wp\/v2\/users\/1"}],"replies":[{"embeddable":true,"href":"https:\/\/afrikapass.com\/fr\/wp-json\/wp\/v2\/comments?post=6991"}],"version-history":[{"count":2,"href":"https:\/\/afrikapass.com\/fr\/wp-json\/wp\/v2\/pages\/6991\/revisions"}],"predecessor-version":[{"id":6997,"href":"https:\/\/afrikapass.com\/fr\/wp-json\/wp\/v2\/pages\/6991\/revisions\/6997"}],"wp:attachment":[{"href":"https:\/\/afrikapass.com\/fr\/wp-json\/wp\/v2\/media?parent=6991"}],"curies":[{"name":"wp","href":"https:\/\/api.w.org\/{rel}","templated":true}]}}