{"id":7040,"date":"2020-05-21T12:35:55","date_gmt":"2020-05-21T10:35:55","guid":{"rendered":"https:\/\/afrikapass.com\/f-a-q\/"},"modified":"2025-11-27T12:27:04","modified_gmt":"2025-11-27T11:27:04","slug":"f-a-q","status":"publish","type":"page","link":"https:\/\/afrikapass.com\/fr\/f-a-q\/","title":{"rendered":"F.A.Q"},"content":{"rendered":"\t\t<div data-elementor-type=\"wp-page\" data-elementor-id=\"7040\" class=\"elementor elementor-7040 elementor-766\" data-elementor-post-type=\"page\">\n\t\t\t\t\t\t<section class=\"elementor-section elementor-top-section elementor-element elementor-element-18dad5f2 cmt-column-break-ipad-yes elementor-section-stretched cmt-bgcolor-white cmt-col-stretched-none elementor-section-boxed elementor-section-height-default elementor-section-height-default\" data-id=\"18dad5f2\" data-element_type=\"section\" data-e-type=\"section\" data-settings=\"{&quot;stretch_section&quot;:&quot;section-stretched&quot;}\">\n\t\t\t\t\t\t<div class=\"elementor-container elementor-column-gap-default\">\n\t\t\t\t\t<div class=\"elementor-column elementor-col-100 elementor-top-column elementor-element elementor-element-6b0450b5\" data-id=\"6b0450b5\" data-element_type=\"column\" data-e-type=\"column\">\n\t\t\t<div class=\"elementor-widget-wrap elementor-element-populated\">\n\t\t\t\t\t\t<section class=\"elementor-section elementor-inner-section elementor-element elementor-element-78b34a83 cmt-column-break-ipad-yes tm-leftright-p0 cmt-col-stretched-none elementor-section-boxed elementor-section-height-default elementor-section-height-default\" data-id=\"78b34a83\" data-element_type=\"section\" data-e-type=\"section\">\n\t\t\t\t\t\t<div class=\"elementor-container elementor-column-gap-no\">\n\t\t\t\t\t<div class=\"elementor-column elementor-col-50 elementor-inner-column elementor-element elementor-element-39d679c tm-aacordion-style2\" data-id=\"39d679c\" data-element_type=\"column\" data-e-type=\"column\">\n\t\t\t<div class=\"elementor-widget-wrap elementor-element-populated\">\n\t\t\t\t\t\t<div class=\"elementor-element elementor-element-bee9029 cmt-align-left elementor-widget elementor-widget-cmt_heading\" data-id=\"bee9029\" data-element_type=\"widget\" data-e-type=\"widget\" data-widget_type=\"cmt_heading.default\">\n\t\t\t\t<div class=\"elementor-widget-container\">\n\t\t\t\t\t<div class=\"cmt-element-heading-content-wrapper left-align cmt-reverse-heading-yes cmt-seperator-none  cmt-heading-style-vertical \"><div class=\"cmt-content-header\"><h2 class=\"cmt-element-content-heading cmt-custom-heading \">\n\t\t\t\t<strong>Questions et r\u00e9ponses<\/strong>\n\t\t\t<\/h2>\n\t\t<div class=\"heading-seperator\"><span><\/span><\/div><\/div><\/div>\t\t\t\t<\/div>\n\t\t\t\t<\/div>\n\t\t\t\t<div class=\"elementor-element elementor-element-38721299 cmt-faq-style1 elementor-widget elementor-widget-accordion\" data-id=\"38721299\" data-element_type=\"widget\" data-e-type=\"widget\" data-widget_type=\"accordion.default\">\n\t\t\t\t\t\t\t<div class=\"elementor-accordion\">\n\t\t\t\t\t\t\t<div class=\"elementor-accordion-item\">\n\t\t\t\t\t<div id=\"elementor-tab-title-9461\" class=\"elementor-tab-title\" data-tab=\"1\" role=\"button\" aria-controls=\"elementor-tab-content-9461\" aria-expanded=\"false\">\n\t\t\t\t\t\t\t\t\t\t\t\t\t<span class=\"elementor-accordion-icon elementor-accordion-icon-right\" aria-hidden=\"true\">\n\t\t\t\t\t\t\t\t\t\t\t\t\t\t\t<span class=\"elementor-accordion-icon-closed\"><svg class=\"e-font-icon-svg e-fas-chevron-down\" viewBox=\"0 0 448 512\" xmlns=\"http:\/\/www.w3.org\/2000\/svg\"><path d=\"M207.029 381.476L12.686 187.132c-9.373-9.373-9.373-24.569 0-33.941l22.667-22.667c9.357-9.357 24.522-9.375 33.901-.04L224 284.505l154.745-154.021c9.379-9.335 24.544-9.317 33.901.04l22.667 22.667c9.373 9.373 9.373 24.569 0 33.941L240.971 381.476c-9.373 9.372-24.569 9.372-33.942 0z\"><\/path><\/svg><\/span>\n\t\t\t\t\t\t\t\t<span class=\"elementor-accordion-icon-opened\"><svg class=\"e-font-icon-svg e-fas-chevron-up\" viewBox=\"0 0 448 512\" xmlns=\"http:\/\/www.w3.org\/2000\/svg\"><path d=\"M240.971 130.524l194.343 194.343c9.373 9.373 9.373 24.569 0 33.941l-22.667 22.667c-9.357 9.357-24.522 9.375-33.901.04L224 227.495 69.255 381.516c-9.379 9.335-24.544 9.317-33.901-.04l-22.667-22.667c-9.373-9.373-9.373-24.569 0-33.941L207.03 130.525c9.372-9.373 24.568-9.373 33.941-.001z\"><\/path><\/svg><\/span>\n\t\t\t\t\t\t\t\t\t\t\t\t\t\t<\/span>\n\t\t\t\t\t\t\t\t\t\t\t\t<a class=\"elementor-accordion-title\" tabindex=\"0\">Qu'est-ce que Afrikapass ?<\/a>\n\t\t\t\t\t<\/div>\n\t\t\t\t\t<div id=\"elementor-tab-content-9461\" class=\"elementor-tab-content elementor-clearfix\" data-tab=\"1\" role=\"region\" aria-labelledby=\"elementor-tab-title-9461\"><p>En Allemagne, nous sommes experts en mati\u00e8re de passeports, de visas, de voyages et de services consulaires. Nous sommes un site en ligne de l&rsquo;entreprise Bantmann Trade &amp; Consulting UG, dont le si\u00e8ge est situ\u00e9 Leopoldstr.10, 45139 Essen, Allemagne.<\/p>\n<\/div>\n\t\t\t\t<\/div>\n\t\t\t\t\t\t\t<div class=\"elementor-accordion-item\">\n\t\t\t\t\t<div id=\"elementor-tab-title-9462\" class=\"elementor-tab-title\" data-tab=\"2\" role=\"button\" aria-controls=\"elementor-tab-content-9462\" aria-expanded=\"false\">\n\t\t\t\t\t\t\t\t\t\t\t\t\t<span class=\"elementor-accordion-icon elementor-accordion-icon-right\" aria-hidden=\"true\">\n\t\t\t\t\t\t\t\t\t\t\t\t\t\t\t<span class=\"elementor-accordion-icon-closed\"><svg class=\"e-font-icon-svg e-fas-chevron-down\" viewBox=\"0 0 448 512\" xmlns=\"http:\/\/www.w3.org\/2000\/svg\"><path d=\"M207.029 381.476L12.686 187.132c-9.373-9.373-9.373-24.569 0-33.941l22.667-22.667c9.357-9.357 24.522-9.375 33.901-.04L224 284.505l154.745-154.021c9.379-9.335 24.544-9.317 33.901.04l22.667 22.667c9.373 9.373 9.373 24.569 0 33.941L240.971 381.476c-9.373 9.372-24.569 9.372-33.942 0z\"><\/path><\/svg><\/span>\n\t\t\t\t\t\t\t\t<span class=\"elementor-accordion-icon-opened\"><svg class=\"e-font-icon-svg e-fas-chevron-up\" viewBox=\"0 0 448 512\" xmlns=\"http:\/\/www.w3.org\/2000\/svg\"><path d=\"M240.971 130.524l194.343 194.343c9.373 9.373 9.373 24.569 0 33.941l-22.667 22.667c-9.357 9.357-24.522 9.375-33.901.04L224 227.495 69.255 381.516c-9.379 9.335-24.544 9.317-33.901-.04l-22.667-22.667c-9.373-9.373-9.373-24.569 0-33.941L207.03 130.525c9.372-9.373 24.568-9.373 33.941-.001z\"><\/path><\/svg><\/span>\n\t\t\t\t\t\t\t\t\t\t\t\t\t\t<\/span>\n\t\t\t\t\t\t\t\t\t\t\t\t<a class=\"elementor-accordion-title\" tabindex=\"0\">Quels sont les services offerts par Afrikapass ?<\/a>\n\t\t\t\t\t<\/div>\n\t\t\t\t\t<div id=\"elementor-tab-content-9462\" class=\"elementor-tab-content elementor-clearfix\" data-tab=\"2\" role=\"region\" aria-labelledby=\"elementor-tab-title-9462\"><p>1- Afrikapass facilite la pr\u00e9-demande de passeports biom\u00e9triques pour les citoyens africains vivant en Allemagne et dans les pays de l&rsquo;Union europ\u00e9enne.<br \/>2- Afrikapass traite les demandes de visa pour les voyageurs en Afrique, en Europe, en Am\u00e9rique et en Asie.<br \/>3- Afrikapass propose des r\u00e9servations de vols et d&rsquo;h\u00f4tels pour les demandeurs de visa, les touristes, les artistes et les entreprises.<br \/>4- Afrikapass propose des assurances voyage dans diff\u00e9rentes cat\u00e9gories pour les voyageurs du monde entier.<br \/>5- Afrikapass propose des services consulaires aux \u00e9trangers en Allemagne et partout dans le monde.<\/p>\n<\/div>\n\t\t\t\t<\/div>\n\t\t\t\t\t\t\t<div class=\"elementor-accordion-item\">\n\t\t\t\t\t<div id=\"elementor-tab-title-9463\" class=\"elementor-tab-title\" data-tab=\"3\" role=\"button\" aria-controls=\"elementor-tab-content-9463\" aria-expanded=\"false\">\n\t\t\t\t\t\t\t\t\t\t\t\t\t<span class=\"elementor-accordion-icon elementor-accordion-icon-right\" aria-hidden=\"true\">\n\t\t\t\t\t\t\t\t\t\t\t\t\t\t\t<span class=\"elementor-accordion-icon-closed\"><svg class=\"e-font-icon-svg e-fas-chevron-down\" viewBox=\"0 0 448 512\" xmlns=\"http:\/\/www.w3.org\/2000\/svg\"><path d=\"M207.029 381.476L12.686 187.132c-9.373-9.373-9.373-24.569 0-33.941l22.667-22.667c9.357-9.357 24.522-9.375 33.901-.04L224 284.505l154.745-154.021c9.379-9.335 24.544-9.317 33.901.04l22.667 22.667c9.373 9.373 9.373 24.569 0 33.941L240.971 381.476c-9.373 9.372-24.569 9.372-33.942 0z\"><\/path><\/svg><\/span>\n\t\t\t\t\t\t\t\t<span class=\"elementor-accordion-icon-opened\"><svg class=\"e-font-icon-svg e-fas-chevron-up\" viewBox=\"0 0 448 512\" xmlns=\"http:\/\/www.w3.org\/2000\/svg\"><path d=\"M240.971 130.524l194.343 194.343c9.373 9.373 9.373 24.569 0 33.941l-22.667 22.667c-9.357 9.357-24.522 9.375-33.901.04L224 227.495 69.255 381.516c-9.379 9.335-24.544 9.317-33.901-.04l-22.667-22.667c-9.373-9.373-9.373-24.569 0-33.941L207.03 130.525c9.372-9.373 24.568-9.373 33.941-.001z\"><\/path><\/svg><\/span>\n\t\t\t\t\t\t\t\t\t\t\t\t\t\t<\/span>\n\t\t\t\t\t\t\t\t\t\t\t\t<a class=\"elementor-accordion-title\" tabindex=\"0\">Comment faire une demande de passeport biom\u00e9trique ?<\/a>\n\t\t\t\t\t<\/div>\n\t\t\t\t\t<div id=\"elementor-tab-content-9463\" class=\"elementor-tab-content elementor-clearfix\" data-tab=\"3\" role=\"region\" aria-labelledby=\"elementor-tab-title-9463\"><p>1- Si vous vivez en Allemagne, vous pouvez soit vous rendre dans nos bureaux \u00e0 Essen, soit nous envoyer vos documents exig\u00e9s par les autorit\u00e9s de votre pays par courrier recommand\u00e9.<br \/>2- Si vous vous trouvez dans un des pays de l&rsquo;Union europ\u00e9enne, vous pouvez scanner vos documents au format PDF ou JPEG et nous les envoyer par e-mail (online@afrikapass.com ou afrikapass201@gmail.com).<br \/>3- Afrikapass v\u00e9rifie la conformit\u00e9 des documents re\u00e7us et remplit ensuite le formulaire de demande de passeport sur le site web sp\u00e9cifique des autorit\u00e9s.<br \/>4- Afrikapass paie les frais de passeport tels que prescrits par les autorit\u00e9s comp\u00e9tentes.<br \/>5- Afrikapass organise le rendez-vous pour l&rsquo;enr\u00f4lement physique (reconnaissance faciale et empreintes digitales) au consulat ou \u00e0 l&rsquo;ambassade.<br \/>6- Afrikapass renvoie tous les documents issus du pr\u00e9-enr\u00f4lement au demandeur, qui peut \u00e0 son tour les pr\u00e9senter aux autorit\u00e9s le jour du rendez-vous.<\/p>\n<\/div>\n\t\t\t\t<\/div>\n\t\t\t\t\t\t\t<div class=\"elementor-accordion-item\">\n\t\t\t\t\t<div id=\"elementor-tab-title-9464\" class=\"elementor-tab-title\" data-tab=\"4\" role=\"button\" aria-controls=\"elementor-tab-content-9464\" aria-expanded=\"false\">\n\t\t\t\t\t\t\t\t\t\t\t\t\t<span class=\"elementor-accordion-icon elementor-accordion-icon-right\" aria-hidden=\"true\">\n\t\t\t\t\t\t\t\t\t\t\t\t\t\t\t<span class=\"elementor-accordion-icon-closed\"><svg class=\"e-font-icon-svg e-fas-chevron-down\" viewBox=\"0 0 448 512\" xmlns=\"http:\/\/www.w3.org\/2000\/svg\"><path d=\"M207.029 381.476L12.686 187.132c-9.373-9.373-9.373-24.569 0-33.941l22.667-22.667c9.357-9.357 24.522-9.375 33.901-.04L224 284.505l154.745-154.021c9.379-9.335 24.544-9.317 33.901.04l22.667 22.667c9.373 9.373 9.373 24.569 0 33.941L240.971 381.476c-9.373 9.372-24.569 9.372-33.942 0z\"><\/path><\/svg><\/span>\n\t\t\t\t\t\t\t\t<span class=\"elementor-accordion-icon-opened\"><svg class=\"e-font-icon-svg e-fas-chevron-up\" viewBox=\"0 0 448 512\" xmlns=\"http:\/\/www.w3.org\/2000\/svg\"><path d=\"M240.971 130.524l194.343 194.343c9.373 9.373 9.373 24.569 0 33.941l-22.667 22.667c-9.357 9.357-24.522 9.375-33.901.04L224 227.495 69.255 381.516c-9.379 9.335-24.544 9.317-33.901-.04l-22.667-22.667c-9.373-9.373-9.373-24.569 0-33.941L207.03 130.525c9.372-9.373 24.568-9.373 33.941-.001z\"><\/path><\/svg><\/span>\n\t\t\t\t\t\t\t\t\t\t\t\t\t\t<\/span>\n\t\t\t\t\t\t\t\t\t\t\t\t<a class=\"elementor-accordion-title\" tabindex=\"0\">Comment commander un visa via Afrikapass ?<\/a>\n\t\t\t\t\t<\/div>\n\t\t\t\t\t<div id=\"elementor-tab-content-9464\" class=\"elementor-tab-content elementor-clearfix\" data-tab=\"4\" role=\"region\" aria-labelledby=\"elementor-tab-title-9464\"><p>1- Si vous vivez en Allemagne, vous pouvez vous rendre dans nos bureaux \u00e0 Essen ou nous envoyer votre passeport et les documents exig\u00e9s par les autorit\u00e9s de votre pays par courrier recommand\u00e9.<br \/>2- Si vous vivez dans l&rsquo;un des pays de l&rsquo;Union europ\u00e9enne, vous pouvez scanner votre passeport et les documents requis au format PDF ou JPEG et nous les envoyer par e-mail (online@afrikapass.com ou afrikapass201@gmail.com).<br \/>3- Afrikapass v\u00e9rifie la conformit\u00e9 des documents re\u00e7us et remplit ensuite le formulaire de demande de passeport sur le site web sp\u00e9cifique des autorit\u00e9s.<br \/>4- Afrikapass d\u00e9clenche le paiement des frais de visa, comme l&rsquo;exigent les autorit\u00e9s comp\u00e9tentes.<br \/>5- Pour la proc\u00e9dure normale, Afrikapass organise le rendez-vous pour l&rsquo;enregistrement physique (reconnaissance faciale et empreintes digitales) au consulat ou \u00e0 l&rsquo;ambassade, et pour le visa \u00e9lectronique (e-visa), l&rsquo;enregistrement physique a lieu \u00e0 l&rsquo;a\u00e9roport de destination.<br \/>6- Afrikapass renvoie tous les documents issus de la proc\u00e9dure de visa au demandeur, qui peut \u00e0 son tour les pr\u00e9senter aux autorit\u00e9s le jour du rendez-vous \u00e0 l&rsquo;ambassade ou au consulat ou le jour de l&rsquo;arriv\u00e9e \u00e0 l&rsquo;a\u00e9roport de destination.<\/p>\n<\/div>\n\t\t\t\t<\/div>\n\t\t\t\t\t\t\t<div class=\"elementor-accordion-item\">\n\t\t\t\t\t<div id=\"elementor-tab-title-9465\" class=\"elementor-tab-title\" data-tab=\"5\" role=\"button\" aria-controls=\"elementor-tab-content-9465\" aria-expanded=\"false\">\n\t\t\t\t\t\t\t\t\t\t\t\t\t<span class=\"elementor-accordion-icon elementor-accordion-icon-right\" aria-hidden=\"true\">\n\t\t\t\t\t\t\t\t\t\t\t\t\t\t\t<span class=\"elementor-accordion-icon-closed\"><svg class=\"e-font-icon-svg e-fas-chevron-down\" viewBox=\"0 0 448 512\" xmlns=\"http:\/\/www.w3.org\/2000\/svg\"><path d=\"M207.029 381.476L12.686 187.132c-9.373-9.373-9.373-24.569 0-33.941l22.667-22.667c9.357-9.357 24.522-9.375 33.901-.04L224 284.505l154.745-154.021c9.379-9.335 24.544-9.317 33.901.04l22.667 22.667c9.373 9.373 9.373 24.569 0 33.941L240.971 381.476c-9.373 9.372-24.569 9.372-33.942 0z\"><\/path><\/svg><\/span>\n\t\t\t\t\t\t\t\t<span class=\"elementor-accordion-icon-opened\"><svg class=\"e-font-icon-svg e-fas-chevron-up\" viewBox=\"0 0 448 512\" xmlns=\"http:\/\/www.w3.org\/2000\/svg\"><path d=\"M240.971 130.524l194.343 194.343c9.373 9.373 9.373 24.569 0 33.941l-22.667 22.667c-9.357 9.357-24.522 9.375-33.901.04L224 227.495 69.255 381.516c-9.379 9.335-24.544 9.317-33.901-.04l-22.667-22.667c-9.373-9.373-9.373-24.569 0-33.941L207.03 130.525c9.372-9.373 24.568-9.373 33.941-.001z\"><\/path><\/svg><\/span>\n\t\t\t\t\t\t\t\t\t\t\t\t\t\t<\/span>\n\t\t\t\t\t\t\t\t\t\t\t\t<a class=\"elementor-accordion-title\" tabindex=\"0\">J'ai besoin d'une r\u00e9servation de vol en urgence, que puis-je faire ?<\/a>\n\t\t\t\t\t<\/div>\n\t\t\t\t\t<div id=\"elementor-tab-content-9465\" class=\"elementor-tab-content elementor-clearfix\" data-tab=\"5\" role=\"region\" aria-labelledby=\"elementor-tab-title-9465\"><p>Allez dans la boutique et achetez la r\u00e9servation de vol ou inscrivez-vous rapidement. Une fois que nous avons re\u00e7u votre paiement et que vous avez fourni vos informations de voyage ou de date pour votre demande de visa, vous recevrez votre r\u00e9servation de vol dans un d\u00e9lai de 15 \u00e0 30 minutes.<\/p>\n<p>Il y a toujours deux raisons de r\u00e9server un vol :<br \/>1- Il y a la r\u00e9servation de vol pour demander un visa, sans toutefois payer le billet d&rsquo;avion.<br \/>2- Il y a la possibilit\u00e9 de r\u00e9server un vol pour votre voyage et d&rsquo;acheter ensuite le billet.<br \/>Dans les deux cas, Afrikapass traite votre demande rapidement et en quelques minutes (15-30 min.) et vous recevez votre r\u00e9servation par e-mail. Quelle que soit votre destination, nous vous proposons une r\u00e9servation de vol conforme aupr\u00e8s des meilleures compagnies a\u00e9riennes telles que Lufthansa, Air France, Brussels Airlines, Turkish Airlines, Quantas, United Airlines, Ethiad Airways, China Airlines, Austrian Airlines, Emirates, KLM, SAS, Virgin Atlantic, Condor, Air India, British Airways, Ethiopian Airlines &#8230; et bien d&rsquo;autres encore.<\/p>\n<\/div>\n\t\t\t\t<\/div>\n\t\t\t\t\t\t\t<div class=\"elementor-accordion-item\">\n\t\t\t\t\t<div id=\"elementor-tab-title-9466\" class=\"elementor-tab-title\" data-tab=\"6\" role=\"button\" aria-controls=\"elementor-tab-content-9466\" aria-expanded=\"false\">\n\t\t\t\t\t\t\t\t\t\t\t\t\t<span class=\"elementor-accordion-icon elementor-accordion-icon-right\" aria-hidden=\"true\">\n\t\t\t\t\t\t\t\t\t\t\t\t\t\t\t<span class=\"elementor-accordion-icon-closed\"><svg class=\"e-font-icon-svg e-fas-chevron-down\" viewBox=\"0 0 448 512\" xmlns=\"http:\/\/www.w3.org\/2000\/svg\"><path d=\"M207.029 381.476L12.686 187.132c-9.373-9.373-9.373-24.569 0-33.941l22.667-22.667c9.357-9.357 24.522-9.375 33.901-.04L224 284.505l154.745-154.021c9.379-9.335 24.544-9.317 33.901.04l22.667 22.667c9.373 9.373 9.373 24.569 0 33.941L240.971 381.476c-9.373 9.372-24.569 9.372-33.942 0z\"><\/path><\/svg><\/span>\n\t\t\t\t\t\t\t\t<span class=\"elementor-accordion-icon-opened\"><svg class=\"e-font-icon-svg e-fas-chevron-up\" viewBox=\"0 0 448 512\" xmlns=\"http:\/\/www.w3.org\/2000\/svg\"><path d=\"M240.971 130.524l194.343 194.343c9.373 9.373 9.373 24.569 0 33.941l-22.667 22.667c-9.357 9.357-24.522 9.375-33.901.04L224 227.495 69.255 381.516c-9.379 9.335-24.544 9.317-33.901-.04l-22.667-22.667c-9.373-9.373-9.373-24.569 0-33.941L207.03 130.525c9.372-9.373 24.568-9.373 33.941-.001z\"><\/path><\/svg><\/span>\n\t\t\t\t\t\t\t\t\t\t\t\t\t\t<\/span>\n\t\t\t\t\t\t\t\t\t\t\t\t<a class=\"elementor-accordion-title\" tabindex=\"0\">Je souhaite commander ma r\u00e9servation d'h\u00f4tel sur Afrikapass, comment faire ?<\/a>\n\t\t\t\t\t<\/div>\n\t\t\t\t\t<div id=\"elementor-tab-content-9466\" class=\"elementor-tab-content elementor-clearfix\" data-tab=\"6\" role=\"region\" aria-labelledby=\"elementor-tab-title-9466\"><p>Peu importe la ville ou le pays o\u00f9 vous vous rendez :<\/p>\n<p>Allez dans la boutique et achetez la r\u00e9servation d&rsquo;h\u00f4tel ou inscrivez-vous rapidement. D\u00e8s que nous aurons re\u00e7u votre paiement et que vous aurez indiqu\u00e9 vos dates de voyage ou la date de votre demande de visa, vous recevrez votre r\u00e9servation d&rsquo;h\u00f4tel par e-mail sous forme de fichier PDF dans un d\u00e9lai de 15 \u00e0 30 minutes.<br \/>Nous pouvons \u00e9galement imprimer la r\u00e9servation d&rsquo;h\u00f4tel et vous l&rsquo;envoyer par courrier recommand\u00e9.<\/p>\n<\/div>\n\t\t\t\t<\/div>\n\t\t\t\t\t\t\t<div class=\"elementor-accordion-item\">\n\t\t\t\t\t<div id=\"elementor-tab-title-9467\" class=\"elementor-tab-title\" data-tab=\"7\" role=\"button\" aria-controls=\"elementor-tab-content-9467\" aria-expanded=\"false\">\n\t\t\t\t\t\t\t\t\t\t\t\t\t<span class=\"elementor-accordion-icon elementor-accordion-icon-right\" aria-hidden=\"true\">\n\t\t\t\t\t\t\t\t\t\t\t\t\t\t\t<span class=\"elementor-accordion-icon-closed\"><svg class=\"e-font-icon-svg e-fas-chevron-down\" viewBox=\"0 0 448 512\" xmlns=\"http:\/\/www.w3.org\/2000\/svg\"><path d=\"M207.029 381.476L12.686 187.132c-9.373-9.373-9.373-24.569 0-33.941l22.667-22.667c9.357-9.357 24.522-9.375 33.901-.04L224 284.505l154.745-154.021c9.379-9.335 24.544-9.317 33.901.04l22.667 22.667c9.373 9.373 9.373 24.569 0 33.941L240.971 381.476c-9.373 9.372-24.569 9.372-33.942 0z\"><\/path><\/svg><\/span>\n\t\t\t\t\t\t\t\t<span class=\"elementor-accordion-icon-opened\"><svg class=\"e-font-icon-svg e-fas-chevron-up\" viewBox=\"0 0 448 512\" xmlns=\"http:\/\/www.w3.org\/2000\/svg\"><path d=\"M240.971 130.524l194.343 194.343c9.373 9.373 9.373 24.569 0 33.941l-22.667 22.667c-9.357 9.357-24.522 9.375-33.901.04L224 227.495 69.255 381.516c-9.379 9.335-24.544 9.317-33.901-.04l-22.667-22.667c-9.373-9.373-9.373-24.569 0-33.941L207.03 130.525c9.372-9.373 24.568-9.373 33.941-.001z\"><\/path><\/svg><\/span>\n\t\t\t\t\t\t\t\t\t\t\t\t\t\t<\/span>\n\t\t\t\t\t\t\t\t\t\t\t\t<a class=\"elementor-accordion-title\" tabindex=\"0\">Le Afrikapass aide-t-il \u00e0 obtenir une assurance voyage ?<\/a>\n\t\t\t\t\t<\/div>\n\t\t\t\t\t<div id=\"elementor-tab-content-9467\" class=\"elementor-tab-content elementor-clearfix\" data-tab=\"7\" role=\"region\" aria-labelledby=\"elementor-tab-title-9467\"><p>Que votre voyage soit un voyage de vacances, une visite familiale ou un voyage d&rsquo;affaires, cela n&rsquo;a pas d&rsquo;importance.<br \/>Afrikapass souscrit pour vous une assurance voyage qui couvre tous vos besoins m\u00e9dicaux, votre transport de retour ou l&rsquo;indemnisation en cas de vol ou de perte de vos bagages.<br \/>Appelez-nous ou \u00e9crivez-nous, vous recevrez alors un conseil gratuit avant la conclusion.<\/p>\n<\/div>\n\t\t\t\t<\/div>\n\t\t\t\t\t\t\t\t<\/div>\n\t\t\t\t\t\t<\/div>\n\t\t\t\t\t<\/div>\n\t\t<\/div>\n\t\t\t\t<div class=\"elementor-column elementor-col-50 elementor-inner-column elementor-element elementor-element-6ae3642e cmt_prettyphoto2 cmt-bgcolor-yes cmt-col-bgcolor-darkgrey\" data-id=\"6ae3642e\" data-element_type=\"column\" data-e-type=\"column\" data-settings=\"{&quot;background_background&quot;:&quot;classic&quot;}\">\n\t\t\t<div class=\"elementor-widget-wrap elementor-element-populated\">\n\t\t\t\t\t\t<div class=\"elementor-element elementor-element-d592d76 cmt-align-left elementor-widget elementor-widget-cmt_heading\" data-id=\"d592d76\" data-element_type=\"widget\" data-e-type=\"widget\" data-widget_type=\"cmt_heading.default\">\n\t\t\t\t<div class=\"elementor-widget-container\">\n\t\t\t\t\t<div class=\"cmt-element-heading-content-wrapper left-align cmt-reverse-heading-yes cmt-seperator-none  cmt-heading-style-vertical \"><div class=\"cmt-content-header\"><h2 class=\"cmt-element-content-heading cmt-custom-heading \">\n\t\t\t\tVous <strong>ne trouvez pas<\/strong> vos <strong>r\u00e9ponses&nbsp;?<\/strong>\n\t\t\t<\/h2>\n\t\t<div class=\"heading-seperator\"><span><\/span><\/div><\/div><\/div>\t\t\t\t<\/div>\n\t\t\t\t<\/div>\n\t\t\t\t<div class=\"elementor-element elementor-element-4035677 elementor-widget elementor-widget-text-editor\" data-id=\"4035677\" data-element_type=\"widget\" data-e-type=\"widget\" data-widget_type=\"text-editor.default\">\n\t\t\t\t\t\t\t\t\t<p>[contact-form-7 id=\u00a0\u00bb774&Prime; title=\u00a0\u00bbFaq Form\u00a0\u00bb]<\/p>\t\t\t\t\t\t\t\t<\/div>\n\t\t\t\t\t<\/div>\n\t\t<\/div>\n\t\t\t\t\t<\/div>\n\t\t<\/section>\n\t\t\t\t\t<\/div>\n\t\t<\/div>\n\t\t\t\t\t<\/div>\n\t\t<\/section>\n\t\t\t\t<\/div>\n\t\t","protected":false},"excerpt":{"rendered":"<p>Questions et r\u00e9ponses Qu&rsquo;est-ce que Afrikapass ? En Allemagne, nous sommes experts en mati\u00e8re de passeports, de visas, de voyages et de services consulaires. Nous sommes un site en ligne de l&#8217;entreprise Bantmann Trade &amp; Consulting UG, dont le si\u00e8ge est situ\u00e9 Leopoldstr.10, 45139 Essen, Allemagne. Quels sont les services offerts par Afrikapass ? 1- &hellip; <a href=\"https:\/\/afrikapass.com\/fr\/f-a-q\/\" class=\"more-link\">Continue reading <span class=\"screen-reader-text\">F.A.Q<\/span><\/a><\/p>\n","protected":false},"author":1,"featured_media":0,"parent":0,"menu_order":0,"comment_status":"closed","ping_status":"closed","template":"","meta":{"_sitemap_exclude":false,"_sitemap_priority":"","_sitemap_frequency":"","footnotes":""},"class_list":["post-7040","page","type-page","status-publish","hentry"],"_links":{"self":[{"href":"https:\/\/afrikapass.com\/fr\/wp-json\/wp\/v2\/pages\/7040","targetHints":{"allow":["GET"]}}],"collection":[{"href":"https:\/\/afrikapass.com\/fr\/wp-json\/wp\/v2\/pages"}],"about":[{"href":"https:\/\/afrikapass.com\/fr\/wp-json\/wp\/v2\/types\/page"}],"author":[{"embeddable":true,"href":"https:\/\/afrikapass.com\/fr\/wp-json\/wp\/v2\/users\/1"}],"replies":[{"embeddable":true,"href":"https:\/\/afrikapass.com\/fr\/wp-json\/wp\/v2\/comments?post=7040"}],"version-history":[{"count":10,"href":"https:\/\/afrikapass.com\/fr\/wp-json\/wp\/v2\/pages\/7040\/revisions"}],"predecessor-version":[{"id":12902,"href":"https:\/\/afrikapass.com\/fr\/wp-json\/wp\/v2\/pages\/7040\/revisions\/12902"}],"wp:attachment":[{"href":"https:\/\/afrikapass.com\/fr\/wp-json\/wp\/v2\/media?parent=7040"}],"curies":[{"name":"wp","href":"https:\/\/api.w.org\/{rel}","templated":true}]}}