{"id":7056,"date":"2023-01-24T13:45:28","date_gmt":"2023-01-24T12:45:28","guid":{"rendered":"https:\/\/afrikapass.com\/mentions-legales\/"},"modified":"2025-11-27T16:33:28","modified_gmt":"2025-11-27T15:33:28","slug":"impressum","status":"publish","type":"page","link":"https:\/\/afrikapass.com\/fr\/impressum\/","title":{"rendered":"Mentions l\u00e9gales"},"content":{"rendered":"<h2>Mentions l\u00e9gales<\/h2>\n<h3><b>Informations selon \u00a7 5 TMG :<\/b><\/h3>\n<p><strong>Afrikapass.com est un site de :<\/strong><\/p>\n<p>Bantmann Trade &amp; Consulting (hb.)<br \/>\nLeopoldstr.10<br \/>\n45139 Essen<\/p>\n<p>T\u00e9l\u00e9phone : +49 201 922 034 64<br \/>\nE-mail : <a href=\"mailto:info@bantmann.de\">info@bantmann.de<\/a><\/p>\n<p>Site internet: <a href=\"https:\/\/afrikapass.com\/fr\/\">https:\/\/afrikapass.com<\/a><\/p>\n<p>E-Mail: online@afrikapass.com<\/p>\n<p><strong>Repr\u00e9sent\u00e9 par :<\/strong><br \/>\nGuy Ebang Nzue<\/p>\n<p><strong>Inscription au registre :<\/strong><br \/>\nInscrit au registre du commerce.<br \/>\nTribunal d&rsquo;enregistrement : Essen<br \/>\nNum\u00e9ro d&rsquo;enregistrement : HRB 26844<\/p>\n<p><strong>Num\u00e9ro de TVA : <\/strong><br \/>\nNum\u00e9ro d&rsquo;identification de TVA selon \u00a727a de la loi sur la taxe sur le chiffre d&rsquo;affaires :<br \/>\nDE303968730<\/p>\n<h3><strong>Remarque conform\u00e9ment \u00e0 l&rsquo;ordonnance sur le r\u00e8glement en ligne des litiges<\/strong><\/h3>\n<p>Conform\u00e9ment \u00e0 la l\u00e9gislation en vigueur, nous sommes tenus d&rsquo;informer les consommateurs de l&rsquo;existence de la plateforme europ\u00e9enne de r\u00e8glement en ligne des litiges, qui peut \u00eatre utilis\u00e9e pour r\u00e9soudre les litiges sans passer par un tribunal. La Commission europ\u00e9enne est responsable de la mise en place de la plate-forme. La plateforme europ\u00e9enne de r\u00e8glement en ligne des litiges est accessible \u00e0 l <a href=\"http:\/\/ec.europa.eu\/odr\" target=\"_blank\" rel=\"nofollow noopener noreferrer\">&lsquo;adresse suivante : https:\/\/ec.europa.eu\/odr.<\/a> Notre adresse \u00e9lectronique est la suivante : <a href=\"mailto:info@bantmann.de\">info@bantmann.de<\/a><\/p>\n<p>Nous attirons toutefois votre attention sur le fait que nous ne sommes pas dispos\u00e9s \u00e0 participer \u00e0 la proc\u00e9dure de r\u00e8glement des litiges dans le cadre de la plateforme europ\u00e9enne de r\u00e8glement des litiges en ligne. Pour nous contacter, veuillez utiliser notre e-mail et notre num\u00e9ro de t\u00e9l\u00e9phone ci-dessus.<\/p>\n<div class=\"woocommerce woocommerce-gzd woocommerce-gzd-complaints-shortcode\">\n<h3>R\u00e8glement extrajudiciaire des litiges conform\u00e9ment \u00e0 l&rsquo;article 14, paragraphe 1, de la directive. 1 ODR-VO et \u00a7 36 VSBG :<\/h3>\n<p>La Commission europ\u00e9enne met \u00e0 disposition une plateforme de r\u00e8glement en ligne des litiges (RLL) que tu trouveras sur <a href=\"https:\/\/ec.europa.eu\/consumers\/odr\" target=\"_blank\" rel=\"noopener\">https:\/\/ec.europa.eu\/consumers\/odr<\/a>. Nous ne sommes pas tenus de participer \u00e0 une proc\u00e9dure de r\u00e8glement des litiges devant un organisme de conciliation des consommateurs et ne sommes pas dispos\u00e9s \u00e0 le faire.<\/p>\n<\/div>\n<p>[gzd_complaints]<\/p>\n","protected":false},"excerpt":{"rendered":"<p>Mentions l\u00e9gales Informations selon \u00a7 5 TMG : Afrikapass.com est un site de : Bantmann Trade &amp; Consulting (hb.) Leopoldstr.10 45139 Essen T\u00e9l\u00e9phone : +49 201 922 034 64 E-mail : info@bantmann.de Site internet: https:\/\/afrikapass.com E-Mail: online@afrikapass.com Repr\u00e9sent\u00e9 par : Guy Ebang Nzue Inscription au registre : Inscrit au registre du commerce. Tribunal d&rsquo;enregistrement : &hellip; <a href=\"https:\/\/afrikapass.com\/fr\/impressum\/\" class=\"more-link\">Continue reading <span class=\"screen-reader-text\">Mentions l\u00e9gales<\/span><\/a><\/p>\n","protected":false},"author":1,"featured_media":0,"parent":0,"menu_order":0,"comment_status":"closed","ping_status":"open","template":"","meta":{"_sitemap_exclude":false,"_sitemap_priority":"","_sitemap_frequency":"","footnotes":""},"class_list":["post-7056","page","type-page","status-publish","hentry"],"_links":{"self":[{"href":"https:\/\/afrikapass.com\/fr\/wp-json\/wp\/v2\/pages\/7056","targetHints":{"allow":["GET"]}}],"collection":[{"href":"https:\/\/afrikapass.com\/fr\/wp-json\/wp\/v2\/pages"}],"about":[{"href":"https:\/\/afrikapass.com\/fr\/wp-json\/wp\/v2\/types\/page"}],"author":[{"embeddable":true,"href":"https:\/\/afrikapass.com\/fr\/wp-json\/wp\/v2\/users\/1"}],"replies":[{"embeddable":true,"href":"https:\/\/afrikapass.com\/fr\/wp-json\/wp\/v2\/comments?post=7056"}],"version-history":[{"count":1,"href":"https:\/\/afrikapass.com\/fr\/wp-json\/wp\/v2\/pages\/7056\/revisions"}],"predecessor-version":[{"id":13103,"href":"https:\/\/afrikapass.com\/fr\/wp-json\/wp\/v2\/pages\/7056\/revisions\/13103"}],"wp:attachment":[{"href":"https:\/\/afrikapass.com\/fr\/wp-json\/wp\/v2\/media?parent=7056"}],"curies":[{"name":"wp","href":"https:\/\/api.w.org\/{rel}","templated":true}]}}