{"id":7195,"date":"2023-02-17T12:01:01","date_gmt":"2023-02-17T11:01:01","guid":{"rendered":"https:\/\/afrikapass.com\/passeport\/"},"modified":"2023-02-17T12:01:01","modified_gmt":"2023-02-17T11:01:01","slug":"passeport","status":"publish","type":"page","link":"https:\/\/afrikapass.com\/fr\/passeport\/","title":{"rendered":"Passeport"},"content":{"rendered":"<h2>Centre de passeports en Allemagne | Afrikapass<\/h2>\n<p>Un passeport sert de preuve d&rsquo;identit\u00e9 et permet de franchir la fronti\u00e8re lors d&rsquo;un voyage \u00e0 l&rsquo;\u00e9tranger lorsqu&rsquo;une carte d&rsquo;identit\u00e9 n&rsquo;est pas suffisante selon les dispositions du pays de destination.<\/p>\n<p>Afrikapass offre des services consulaires pour la demande d&rsquo;un passeport biom\u00e9trique \u00e0 tous les ressortissants africains \u00e0 l&rsquo;\u00e9tranger.<br \/>\nAfrikapass effectue la pr\u00e9inscription des demandes de passeports soit sur les sites web d\u00e9di\u00e9s des autorit\u00e9s comp\u00e9tentes, soit aupr\u00e8s des ambassades et consulats des pays africains dans le monde.<\/p>\n<h2>Passeport biom\u00e9trique, demande en Allemagne, en Europe et dans le monde entier.<\/h2>\n<p><img fetchpriority=\"high\" decoding=\"async\" class=\"alignnone size-full wp-image-5485\" src=\"https:\/\/afrikapass.com\/media\/afrikapass-media-voranmeldung1.jpg\" alt=\"Afrikapass - Passeport Afrique \u00e0 Essen Allemagne, passeport Nigeria Cameroun Guin\u00e9e Congo Mali Gabon Tchad Niger C\u00f4te d&#039;Ivoire et plus encore\" width=\"373\" height=\"276\" title=\"\"><\/p>\n<p><strong><a href=\"https:\/\/afrikapass.com\/kategorie-land\/westafrika\/\">Afrique de l&rsquo;Ouest<\/a> | Demande de passeport, o\u00f9 et comment ?<\/strong><br \/>\nPasseport B\u00e9nin, Passeport Burkina Faso, Passeport C\u00f4te d&rsquo;Ivoire, Passeport Gambie, Passeport Ghana, <a href=\"https:\/\/loubaservices.com\/\" target=\"_blank\" rel=\"noopener\">Passeport Guin\u00e9e<\/a>, Passeport Guin\u00e9e-Bissau, Passeport Cap-Vert, Passeport Liberia, Passeport Mauritanie, Passeport Nigeria, Passeport Niger, Passeport S\u00e9n\u00e9gal, Passeport Sierra Leone, Passeport Togo<\/p>\n<p><strong><a href=\"https:\/\/afrikapass.com\/kategorie-land\/ostafrika\/\">Afrique de l&rsquo;Est<\/a> | Demande de passeport, o\u00f9 et comment ?<\/strong><br \/>\nPasseport \u00c9thiopie Passeport Burundi, Passeport Djibouti, Passeport \u00c9rythr\u00e9e, Passeport Kenya, Passeport Comores, Passeport Madagascar, Passeport Malawi, Passeport Maurice, Passeport Mozambique, Passeport Rwanda, Passeport Zambie, Passeport Seychelles, Passeport Zimbabwe, Passeport Somalie, Passeport Tanzanie, Passeport Ouganda<\/p>\n<p><strong><a href=\"https:\/\/afrikapass.com\/kategorie-land\/zentralafrika\/\">Afrique centrale<\/a> | Demande de passeport, o\u00f9 et comment ?<\/strong><br \/>\nPasseport Angola, Passeport Guin\u00e9e \u00e9quatoriale, Passeport R\u00e9publique d\u00e9mocratique du Congo, Passeport Gabon, Passeport Cameroun, Passeport R\u00e9publique du Congo, Passeport S\u00e3o Tom\u00e9 e Pr\u00edncipe, Passeport Tchad, Passeport R\u00e9publique centrafricaine<\/p>\n<p><strong><a href=\"https:\/\/afrikapass.com\/kategorie-land\/suedafrika\/\">Afrique du Sud<\/a> | Demande de passeport, o\u00f9 et comment ?<\/strong><br \/>\nPasseport Botswana, Passeport Swaziland, Passeport Lesotho, Passeport Namibie, Passeport Afrique du Sud<\/p>\n<p><strong><a href=\"https:\/\/afrikapass.com\/kategorie-land\/nordafrika\/\">Afrique du Nord<\/a> | Demande de passeport, o\u00f9 et comment ?<\/strong><br \/>\nPasseport \u00c9gypte, Passeport Alg\u00e9rie, Passeport Libye, Passeport Maroc, Passeport Soudan, Passeport Sud Soudan, Passeport Tunisie<\/p>\n<h2><img decoding=\"async\" class=\"alignnone wp-image-6284\" src=\"https:\/\/afrikapass.com\/media\/\/Afrikapass-Reisepass-Zentrum-Deutschland-800x707.png\" alt=\"Demander votre passeport en Allemagne ou dans le monde entier - Afrikapass\" width=\"467\" height=\"413\" title=\"\" srcset=\"https:\/\/afrikapass.com\/media\/Afrikapass-Reisepass-Zentrum-Deutschland-800x707.png 800w, https:\/\/afrikapass.com\/media\/Afrikapass-Reisepass-Zentrum-Deutschland-600x530.png 600w, https:\/\/afrikapass.com\/media\/Afrikapass-Reisepass-Zentrum-Deutschland-768x679.png 768w, https:\/\/afrikapass.com\/media\/Afrikapass-Reisepass-Zentrum-Deutschland.png 1024w\" sizes=\"(max-width: 467px) 100vw, 467px\" \/><\/h2>\n<h2>Avez-vous besoin d&rsquo;un passeport biom\u00e9trique ? Alors \u00e9crivez-nous dans le formulaire ci-dessous.<\/h2>\n<p>[wpforms id=\u00a0\u00bb6085&Prime;]<\/p>\n","protected":false},"excerpt":{"rendered":"<p>Centre de passeports en Allemagne | Afrikapass Un passeport sert de preuve d&rsquo;identit\u00e9 et permet de franchir la fronti\u00e8re lors d&rsquo;un voyage \u00e0 l&rsquo;\u00e9tranger lorsqu&rsquo;une carte d&rsquo;identit\u00e9 n&rsquo;est pas suffisante selon les dispositions du pays de destination. Afrikapass offre des services consulaires pour la demande d&rsquo;un passeport biom\u00e9trique \u00e0 tous les ressortissants africains \u00e0 l&rsquo;\u00e9tranger. &hellip; <a href=\"https:\/\/afrikapass.com\/fr\/passeport\/\" class=\"more-link\">Continue reading <span class=\"screen-reader-text\">Passeport<\/span><\/a><\/p>\n","protected":false},"author":1,"featured_media":5132,"parent":0,"menu_order":0,"comment_status":"closed","ping_status":"closed","template":"","meta":{"_sitemap_exclude":false,"_sitemap_priority":"","_sitemap_frequency":"","footnotes":""},"class_list":["post-7195","page","type-page","status-publish","has-post-thumbnail","hentry"],"_links":{"self":[{"href":"https:\/\/afrikapass.com\/fr\/wp-json\/wp\/v2\/pages\/7195","targetHints":{"allow":["GET"]}}],"collection":[{"href":"https:\/\/afrikapass.com\/fr\/wp-json\/wp\/v2\/pages"}],"about":[{"href":"https:\/\/afrikapass.com\/fr\/wp-json\/wp\/v2\/types\/page"}],"author":[{"embeddable":true,"href":"https:\/\/afrikapass.com\/fr\/wp-json\/wp\/v2\/users\/1"}],"replies":[{"embeddable":true,"href":"https:\/\/afrikapass.com\/fr\/wp-json\/wp\/v2\/comments?post=7195"}],"version-history":[{"count":0,"href":"https:\/\/afrikapass.com\/fr\/wp-json\/wp\/v2\/pages\/7195\/revisions"}],"wp:featuredmedia":[{"embeddable":true,"href":"https:\/\/afrikapass.com\/fr\/wp-json\/wp\/v2\/media\/5132"}],"wp:attachment":[{"href":"https:\/\/afrikapass.com\/fr\/wp-json\/wp\/v2\/media?parent=7195"}],"curies":[{"name":"wp","href":"https:\/\/api.w.org\/{rel}","templated":true}]}}